{"id":985,"date":"2025-02-09T06:43:10","date_gmt":"2025-02-09T06:43:10","guid":{"rendered":"https:\/\/islamicapp.org\/?page_id=985"},"modified":"2025-04-09T07:28:07","modified_gmt":"2025-04-09T07:28:07","slug":"generateur-calendrier-ramadan-2026","status":"publish","type":"page","link":"https:\/\/islamicapp.org\/fr\/generateur-calendrier-ramadan-2026\/","title":{"rendered":"G\u00e9n\u00e9rateur calendrier Ramadan 2026"},"content":{"rendered":"\n<p>Pr\u00e9parez-vous pour le Ramadan 2026 en t\u00e9l\u00e9chargeant votre calendrier personnalis\u00e9 en quelques secondes !<\/p>\n\n\n\n<p>Il vous suffit de rechercher votre ville pour g\u00e9n\u00e9rer automatiquement les horaires de pri\u00e8res et de je\u00fbne adapt\u00e9s \u00e0 votre localisation. Une fois le calendrier affich\u00e9, vous pouvez :<\/p>\n\n\n\n<p>\u2705 <strong>L\u2019imprimer directement<\/strong> pour l\u2019avoir toujours sous la main.<\/p>\n\n\n\n<p>\u2705 <strong>Le t\u00e9l\u00e9charger au format PDF<\/strong> pour l\u2019enregistrer sur votre t\u00e9l\u00e9phone ou votre ordinateur.<\/p>\n\n\n\n<p>Facile, rapide et accessible \u00e0 tous ! Trouvez votre ville et commencez votre pr\u00e9paration pour un Ramadan serein.<\/p>\n\n\n\n<h3 class=\"wp-block-heading has-text-align-center\">Cherchez votre ville :<\/h3>\n","protected":false},"excerpt":{"rendered":"<p>Pr\u00e9parez-vous pour le Ramadan 2026 en t\u00e9l\u00e9chargeant votre calendrier personnalis\u00e9 en quelques secondes ! Il vous suffit de rechercher votre ville pour g\u00e9n\u00e9rer automatiquement les horaires de pri\u00e8res et de je\u00fbne adapt\u00e9s \u00e0 votre localisation. Une fois le calendrier affich\u00e9, vous pouvez : \u2705 L\u2019imprimer directement pour l\u2019avoir toujours sous la main. \u2705 Le t\u00e9l\u00e9charger<a href=\"https:\/\/islamicapp.org\/fr\/generateur-calendrier-ramadan-2026\/\">Continue reading <span class=\"sr-only\">\u00ab\u00a0G\u00e9n\u00e9rateur calendrier Ramadan 2026\u00a0\u00bb<\/span><\/a><\/p>\n","protected":false},"author":1,"featured_media":0,"parent":0,"menu_order":0,"comment_status":"closed","ping_status":"closed","template":"ramadan-timetable.php","meta":{"_acf_changed":false,"_seopress_robots_primary_cat":"","_seopress_titles_title":"","_seopress_titles_desc":"","_seopress_robots_index":"","footnotes":""},"class_list":["post-985","page","type-page","status-publish","hentry"],"acf":[],"_links":{"self":[{"href":"https:\/\/islamicapp.org\/fr\/wp-json\/wp\/v2\/pages\/985","targetHints":{"allow":["GET"]}}],"collection":[{"href":"https:\/\/islamicapp.org\/fr\/wp-json\/wp\/v2\/pages"}],"about":[{"href":"https:\/\/islamicapp.org\/fr\/wp-json\/wp\/v2\/types\/page"}],"author":[{"embeddable":true,"href":"https:\/\/islamicapp.org\/fr\/wp-json\/wp\/v2\/users\/1"}],"replies":[{"embeddable":true,"href":"https:\/\/islamicapp.org\/fr\/wp-json\/wp\/v2\/comments?post=985"}],"version-history":[{"count":4,"href":"https:\/\/islamicapp.org\/fr\/wp-json\/wp\/v2\/pages\/985\/revisions"}],"predecessor-version":[{"id":1701,"href":"https:\/\/islamicapp.org\/fr\/wp-json\/wp\/v2\/pages\/985\/revisions\/1701"}],"wp:attachment":[{"href":"https:\/\/islamicapp.org\/fr\/wp-json\/wp\/v2\/media?parent=985"}],"curies":[{"name":"wp","href":"https:\/\/api.w.org\/{rel}","templated":true}]}}