{"id":942,"date":"2025-02-04T08:13:26","date_gmt":"2025-02-04T08:13:26","guid":{"rendered":"https:\/\/islamicapp.org\/?page_id=942"},"modified":"2025-04-12T04:37:06","modified_gmt":"2025-04-12T04:37:06","slug":"politique-de-confidentialite-de-athan-pro-islamic-app","status":"publish","type":"page","link":"https:\/\/islamicapp.org\/fr\/politique-de-confidentialite-de-athan-pro-islamic-app\/","title":{"rendered":"Politique de Confidentialit\u00e9 de Islamic App"},"content":{"rendered":"\n<h2 class=\"wp-block-heading\">1. Introduction<\/h2>\n\n\n\n<p>Cette politique de confidentialit\u00e9 explique comment Islamic App collecte, utilise et prot\u00e8ge vos donn\u00e9es personnelles lors de l&rsquo;utilisation de l&rsquo;Application.<\/p>\n\n\n\n<h2 class=\"wp-block-heading\">2. Donn\u00e9es Collect\u00e9es<\/h2>\n\n\n\n<p>L&rsquo;Application collecte les donn\u00e9es suivantes :<\/p>\n\n\n\n<ul class=\"wp-block-list\">\n<li><strong>Localisation<\/strong> : pour calculer les horaires de pri\u00e8re et la direction de la Qibla (non stock\u00e9e sur nos serveurs, uniquement la derni\u00e8re position est sauvegard\u00e9e localement sur votre appareil).<\/li>\n\n\n\n<li><strong>Donn\u00e9es de connexion<\/strong> : Firebase Auth (Google et Apple) pour faciliter l&rsquo;inscription et l&rsquo;authentification.<\/li>\n\n\n\n<li><strong>Donn\u00e9es analytiques<\/strong> : via Google Analytics afin d&rsquo;am\u00e9liorer l&rsquo;Application.<\/li>\n<\/ul>\n\n\n\n<h2 class=\"wp-block-heading\">3. Utilisation des Donn\u00e9es<\/h2>\n\n\n\n<p>Les donn\u00e9es collect\u00e9es sont exclusivement utilis\u00e9es pour :<\/p>\n\n\n\n<ul class=\"wp-block-list\">\n<li>Fournir les services de l&rsquo;Application (horaires de pri\u00e8re, direction de la Qibla, notifications de rappel de pri\u00e8re).<\/li>\n\n\n\n<li>Am\u00e9liorer l&rsquo;Application gr\u00e2ce aux analyses d&rsquo;utilisation.<\/li>\n<\/ul>\n\n\n\n<h2 class=\"wp-block-heading\">4. Partage des Donn\u00e9es<\/h2>\n\n\n\n<p>Nous ne partageons ni ne vendons vos donn\u00e9es personnelles \u00e0 des tiers. Cependant, Google Analytics et Firebase Auth traitent certaines donn\u00e9es selon leurs propres politiques de confidentialit\u00e9.<\/p>\n\n\n\n<h2 class=\"wp-block-heading\">5. Protection des Donn\u00e9es<\/h2>\n\n\n\n<p>Nous mettons en place des mesures de s\u00e9curit\u00e9 pour prot\u00e9ger vos donn\u00e9es contre les acc\u00e8s non autoris\u00e9s.<\/p>\n\n\n\n<h2 class=\"wp-block-heading\">6. Vos Droits<\/h2>\n\n\n\n<p>Vous avez le droit de demander la suppression de vos donn\u00e9es associ\u00e9es \u00e0 votre compte Firebase Auth. Pour ce faire, veuillez nous contacter via la page : <a href=\"https:\/\/islamicapp.org\/fr\/contact\/\" data-type=\"page\" data-id=\"381\">Contact<\/a><\/p>\n\n\n\n<h2 class=\"wp-block-heading\">7. Modification de la Politique<\/h2>\n\n\n\n<p>Nous pouvons modifier cette politique \u00e0 tout moment. La version mise \u00e0 jour sera disponible dans l&rsquo;Application.<\/p>\n\n\n\n<h2 class=\"wp-block-heading\">8. Contact<\/h2>\n\n\n\n<p>Pour toute question concernant cette politique, vous pouvez nous contacter via la page  : <a href=\"https:\/\/islamicapp.org\/fr\/contact\/\" data-type=\"page\" data-id=\"381\">Contact<\/a><\/p>\n","protected":false},"excerpt":{"rendered":"<p>1. Introduction Cette politique de confidentialit\u00e9 explique comment Islamic App collecte, utilise et prot\u00e8ge vos donn\u00e9es personnelles lors de l&rsquo;utilisation de l&rsquo;Application. 2. Donn\u00e9es Collect\u00e9es L&rsquo;Application collecte les donn\u00e9es suivantes : 3. Utilisation des Donn\u00e9es Les donn\u00e9es collect\u00e9es sont exclusivement utilis\u00e9es pour : 4. Partage des Donn\u00e9es Nous ne partageons ni ne vendons vos donn\u00e9es<a href=\"https:\/\/islamicapp.org\/fr\/politique-de-confidentialite-de-athan-pro-islamic-app\/\">Continue reading <span class=\"sr-only\">\u00ab\u00a0Politique de Confidentialit\u00e9 de Islamic App\u00a0\u00bb<\/span><\/a><\/p>\n","protected":false},"author":1,"featured_media":0,"parent":0,"menu_order":0,"comment_status":"closed","ping_status":"closed","template":"","meta":{"_acf_changed":false,"_seopress_robots_primary_cat":"","_seopress_titles_title":"","_seopress_titles_desc":"","_seopress_robots_index":"","footnotes":""},"class_list":["post-942","page","type-page","status-publish","hentry"],"acf":[],"_links":{"self":[{"href":"https:\/\/islamicapp.org\/fr\/wp-json\/wp\/v2\/pages\/942","targetHints":{"allow":["GET"]}}],"collection":[{"href":"https:\/\/islamicapp.org\/fr\/wp-json\/wp\/v2\/pages"}],"about":[{"href":"https:\/\/islamicapp.org\/fr\/wp-json\/wp\/v2\/types\/page"}],"author":[{"embeddable":true,"href":"https:\/\/islamicapp.org\/fr\/wp-json\/wp\/v2\/users\/1"}],"replies":[{"embeddable":true,"href":"https:\/\/islamicapp.org\/fr\/wp-json\/wp\/v2\/comments?post=942"}],"version-history":[{"count":2,"href":"https:\/\/islamicapp.org\/fr\/wp-json\/wp\/v2\/pages\/942\/revisions"}],"predecessor-version":[{"id":1774,"href":"https:\/\/islamicapp.org\/fr\/wp-json\/wp\/v2\/pages\/942\/revisions\/1774"}],"wp:attachment":[{"href":"https:\/\/islamicapp.org\/fr\/wp-json\/wp\/v2\/media?parent=942"}],"curies":[{"name":"wp","href":"https:\/\/api.w.org\/{rel}","templated":true}]}}