{"id":375,"date":"2025-01-17T17:41:27","date_gmt":"2025-01-17T17:41:27","guid":{"rendered":"https:\/\/islamicapp.org\/?page_id=375"},"modified":"2025-01-17T18:11:37","modified_gmt":"2025-01-17T18:11:37","slug":"conditions-dutilisation","status":"publish","type":"page","link":"https:\/\/islamicapp.org\/fr\/conditions-dutilisation\/","title":{"rendered":"Conditions d&rsquo;utilisation"},"content":{"rendered":"\n<h3 class=\"wp-block-heading\">Introduction<\/h3>\n\n\n\n<p>Bienvenue sur le site&nbsp;<a>https:\/\/islamicapp.org<\/a>. En acc\u00e9dant \u00e0 notre site, vous acceptez d\u2019\u00eatre li\u00e9 par les pr\u00e9sentes conditions d\u2019utilisation. Si vous n\u2019acceptez pas ces conditions, veuillez ne pas utiliser notre site.<\/p>\n\n\n\n<h3 class=\"wp-block-heading\">Utilisation du site<\/h3>\n\n\n\n<p>L\u2019acc\u00e8s et l\u2019utilisation du site sont strictement r\u00e9serv\u00e9s \u00e0 des fins personnelles et non commerciales. Vous vous engagez \u00e0 ne pas utiliser le site pour des activit\u00e9s ill\u00e9gales, nuisibles ou contraires \u00e0 la loi en vigueur.<\/p>\n\n\n\n<h3 class=\"wp-block-heading\">Propri\u00e9t\u00e9 intellectuelle<\/h3>\n\n\n\n<p>Tout le contenu disponible sur le site, incluant mais sans s\u2019y limiter, les textes, images, vid\u00e9os, logos et graphismes, est prot\u00e9g\u00e9 par les lois sur la propri\u00e9t\u00e9 intellectuelle. Vous ne pouvez pas copier, reproduire, distribuer, modifier ou utiliser ce contenu sans notre autorisation expresse.<\/p>\n\n\n\n<h3 class=\"wp-block-heading\">Limitation de responsabilit\u00e9<\/h3>\n\n\n\n<p>Nous ne garantissons pas que le site sera exempt d\u2019erreurs ou d\u2019interruption. En utilisant le site, vous acceptez que nous ne soyons pas responsables des dommages directs, indirects ou cons\u00e9cutifs pouvant r\u00e9sulter de l\u2019utilisation ou de l\u2019impossibilit\u00e9 d\u2019utiliser le site.<\/p>\n\n\n\n<h3 class=\"wp-block-heading\">Liens vers des tiers<\/h3>\n\n\n\n<p>Notre site peut contenir des liens vers des sites tiers. Nous ne sommes pas responsables du contenu ou des pratiques de ces sites. L\u2019acc\u00e8s \u00e0 ces sites est \u00e0 vos propres risques.<\/p>\n\n\n\n<h3 class=\"wp-block-heading\">Modifications des conditions<\/h3>\n\n\n\n<p>Nous nous r\u00e9servons le droit de modifier ces conditions d\u2019utilisation \u00e0 tout moment. Les modifications entreront en vigueur d\u00e8s leur publication sur le site. Il vous appartient de consulter r\u00e9guli\u00e8rement ces conditions.<\/p>\n\n\n\n<h3 class=\"wp-block-heading\">Droit applicable<\/h3>\n\n\n\n<p>Ces conditions d\u2019utilisation sont r\u00e9gies par les lois en vigueur dans votre juridiction. En cas de litige, les tribunaux comp\u00e9tents seront ceux du si\u00e8ge social de l\u2019\u00e9diteur du site.<\/p>\n\n\n\n<h3 class=\"wp-block-heading\">Contact<\/h3>\n\n\n\n<p>Pour toute question relative \u00e0 ces conditions d\u2019utilisation, vous pouvez nous <a href=\"https:\/\/islamicapp.org\/contact\/\" data-type=\"page\" data-id=\"381\">contacter<\/a>.<\/p>\n\n\n\n<p>Merci d\u2019utiliser notre site.<\/p>\n","protected":false},"excerpt":{"rendered":"<p>Introduction Bienvenue sur le site&nbsp;https:\/\/islamicapp.org. En acc\u00e9dant \u00e0 notre site, vous acceptez d\u2019\u00eatre li\u00e9 par les pr\u00e9sentes conditions d\u2019utilisation. Si vous n\u2019acceptez pas ces conditions, veuillez ne pas utiliser notre site. Utilisation du site L\u2019acc\u00e8s et l\u2019utilisation du site sont strictement r\u00e9serv\u00e9s \u00e0 des fins personnelles et non commerciales. Vous vous engagez \u00e0 ne pas<a href=\"https:\/\/islamicapp.org\/fr\/conditions-dutilisation\/\">Continue reading <span class=\"sr-only\">\u00ab\u00a0Conditions d&rsquo;utilisation\u00a0\u00bb<\/span><\/a><\/p>\n","protected":false},"author":1,"featured_media":0,"parent":0,"menu_order":0,"comment_status":"closed","ping_status":"closed","template":"","meta":{"_acf_changed":false,"_seopress_robots_primary_cat":"","_seopress_titles_title":"","_seopress_titles_desc":"","_seopress_robots_index":"","footnotes":""},"class_list":["post-375","page","type-page","status-publish","hentry"],"acf":[],"_links":{"self":[{"href":"https:\/\/islamicapp.org\/fr\/wp-json\/wp\/v2\/pages\/375","targetHints":{"allow":["GET"]}}],"collection":[{"href":"https:\/\/islamicapp.org\/fr\/wp-json\/wp\/v2\/pages"}],"about":[{"href":"https:\/\/islamicapp.org\/fr\/wp-json\/wp\/v2\/types\/page"}],"author":[{"embeddable":true,"href":"https:\/\/islamicapp.org\/fr\/wp-json\/wp\/v2\/users\/1"}],"replies":[{"embeddable":true,"href":"https:\/\/islamicapp.org\/fr\/wp-json\/wp\/v2\/comments?post=375"}],"version-history":[{"count":2,"href":"https:\/\/islamicapp.org\/fr\/wp-json\/wp\/v2\/pages\/375\/revisions"}],"predecessor-version":[{"id":387,"href":"https:\/\/islamicapp.org\/fr\/wp-json\/wp\/v2\/pages\/375\/revisions\/387"}],"wp:attachment":[{"href":"https:\/\/islamicapp.org\/fr\/wp-json\/wp\/v2\/media?parent=375"}],"curies":[{"name":"wp","href":"https:\/\/api.w.org\/{rel}","templated":true}]}}