{"id":275,"date":"2025-01-12T14:28:05","date_gmt":"2025-01-12T14:28:05","guid":{"rendered":"https:\/\/islamicapp.org\/?page_id=275"},"modified":"2025-11-17T15:36:38","modified_gmt":"2025-11-17T15:36:38","slug":"heures-de-priere","status":"publish","type":"page","link":"https:\/\/islamicapp.org\/fr\/heures-de-priere\/","title":{"rendered":"Heures de pri\u00e8re"},"content":{"rendered":"\n<p>Les heures de&nbsp;<strong>pri\u00e8re<\/strong>&nbsp;(ou Salat) occupent une place centrale dans la vie d\u2019un&nbsp;musulman. Mentionn\u00e9es \u00e0 plusieurs reprises dans le Coran, elles repr\u00e9sentent une connexion spirituelle profonde avec Allah, rythmant les&nbsp;jours&nbsp;de millions de croyants \u00e0 travers le&nbsp;monde.<\/p>\n\n\n\n<p>Dans cet <strong>article<\/strong>, nous allons explorer l\u2019origine, la signification et l\u2019organisation des moments de d\u00e9votion quotidienne dans le monde.<\/p>\n\n\n\n<h2 class=\"wp-block-heading\">Aspects culturels des pratiques spirituelles<\/h2>\n\n\n\n<p>Les cinq moments cl\u00e9s sont r\u00e9partis selon les cycles solaires :<\/p>\n\n\n\n<ul class=\"wp-block-list\">\n<li>Fajr&nbsp;: \u00e0 l\u2019aube, avant le&nbsp;chourouq&nbsp;(lever du&nbsp;<strong>soleil<\/strong>)<\/li>\n\n\n\n<li>Dhuhr : apr\u00e8s le z\u00e9nith, quand le&nbsp;soleil&nbsp;commence \u00e0 d\u00e9cliner<\/li>\n\n\n\n<li>Asr : en milieu d\u2019apr\u00e8s-midi, quand l\u2019ombre est \u00e9gale \u00e0 la hauteur de l\u2019objet<\/li>\n\n\n\n<li>Maghrib&nbsp;: juste apr\u00e8s le coucher du&nbsp;soleil<\/li>\n\n\n\n<li>Isha&nbsp;: quand l\u2019obscurit\u00e9 est totale<\/li>\n<\/ul>\n\n\n\n<p>Ce&nbsp;calendrier&nbsp;spirituel s\u2019ajuste chaque&nbsp;<strong>jour<\/strong>, selon la position g\u00e9ographique de la&nbsp;ville, rendant les horaires de pri\u00e8re uniques \u00e0 chaque pays.<\/p>\n\n\n\n<blockquote class=\"wp-block-quote is-layout-flow wp-block-quote-is-layout-flow\">\n<p>\u201cGardez vos&nbsp;pri\u00e8res, et la&nbsp;pri\u00e8re&nbsp;m\u00e9diane, et tenez-vous debout devant Allah avec humilit\u00e9.\u201d (2:238)<\/p>\n<\/blockquote>\n\n\n\n<h3 class=\"wp-block-heading\">Traditions anciennes<\/h3>\n\n\n\n<p>Avant l\u2019apparition des applications mobiles, les temps de recueillement \u00e9taient d\u00e9termin\u00e9s par l\u2019observation\u00a0directe du\u00a0soleil\u00a0ou transmis dans chaque\u00a0<strong>mosqu\u00e9e<\/strong>\u00a0\u00e0 travers des\u00a0calendriers\u00a0locaux. Dans certaines\u00a0mosqu\u00e9es\u00a0rurales, on se fie encore \u00e0 des rep\u00e8res traditionnels. Ces pratiques rappellent l\u2019importance de l\u2019observation\u00a0et du lien entre la nature et la spiritualit\u00e9 en <a href=\"https:\/\/islamicapp.org\/fr\/islam\/\">islam<\/a>.<\/p>\n\n\n\n<p>Aujourd\u2019hui, ces traditions perdurent \u00e0 travers des outils modernes comme les applications mobiles, les sites web comme&nbsp;Mawaqit, ou les affichages lumineux dans les&nbsp;mosqu\u00e9es&nbsp;de grandes&nbsp;villes.<\/p>\n\n\n\n<h3 class=\"wp-block-heading\">Impact sur la communaut\u00e9<\/h3>\n\n\n\n<p>Les moments sacr\u00e9s favorisent la coh\u00e9sion sociale : les\u00a0<strong>musulmans<\/strong>\u00a0se retrouvent \u00e0 la\u00a0mosqu\u00e9e\u00a0ou dans des\u00a0salles\u00a0de recueillement pour accomplir ensemble leurs <a href=\"https:\/\/islamicapp.org\/fr\/islam\/ablutions-wudu\/\">ablutions<\/a>\u00a0et partager un moment spirituel.<\/p>\n\n\n\n<p>Durant le&nbsp;mois&nbsp;de&nbsp;Ramadan, la gestion pr\u00e9cise des horaires de pri\u00e8re est cruciale, notamment pour le&nbsp;imsak, le&nbsp;fajr, le&nbsp;maghrib, et m\u00eame le&nbsp;<strong>shourouq<\/strong>, marquant les temps de je\u00fbne et de rupture.<\/p>\n\n\n\n<p>La&nbsp;recherche&nbsp;d\u2019exactitude dans les temps de pri\u00e8re devient une&nbsp;activit\u00e9&nbsp;quotidienne dans chaque foyer&nbsp;musulman.<\/p>\n\n\n\n<h2 class=\"wp-block-heading\">Pratiques courantes autour de la spiritualit\u00e9 quotidienne<\/h2>\n\n\n\n<p>Les&nbsp;musulmans&nbsp;utilisent aujourd\u2019hui des outils pratiques pour suivre les moments sacr\u00e9s avec pr\u00e9cision, notamment :<\/p>\n\n\n\n<h3 class=\"wp-block-heading\">Islamic App<\/h3>\n\n\n\n<p>Notre application, Islamic App, a \u00e9t\u00e9 pens\u00e9e comme une solution moderne et intuitive pour :<\/p>\n\n\n\n<ul class=\"wp-block-list\">\n<li>Afficher les moments de recueillement selon votre position (gr\u00e2ce au GPS)<\/li>\n\n\n\n<li>Fournir des notifications d\u2019Athan personnalisables (beep, adhan, vibrations silencieuses)<\/li>\n\n\n\n<li>S\u2019adapter aux&nbsp;calendriers&nbsp;<strong>islamique<\/strong> et gr\u00e9gorien<\/li>\n\n\n\n<li>\u00catre rapide et l\u00e9g\u00e8re<\/li>\n<\/ul>\n\n\n\n<p>Elle est disponible sur plusieurs plateformes, pens\u00e9e pour \u00eatre utile \u00e0 toute la communaut\u00e9.<\/p>\n\n\n\n<h3 class=\"wp-block-heading\">Une application unique<\/h3>\n\n\n\n<p>Ce n\u2019est pas seulement une app de&nbsp;calendrier&nbsp;: c\u2019est une compagne spirituelle.<\/p>\n\n\n\n<p>Elle respecte les valeurs&nbsp;islamiques, propose un design \u00e9pur\u00e9, et facilite l\u2019acc\u00e8s \u00e0 ces instants importants, m\u00eame en d\u00e9placement.<\/p>\n\n\n\n<p>Des ajustements fins sont possibles pour correspondre aux diff\u00e9rences entre \u00e9coles juridiques et pr\u00e9f\u00e9rences individuelles.<\/p>\n\n\n\n<p>Cette discipline structure la vie du&nbsp;musulman&nbsp;et lui rappelle, cinq fois par&nbsp;jour, sa place devant Allah. En suivant avec rigueur les indications spirituelles quotidiennes, on renforce non seulement notre foi, mais aussi notre lien avec la communaut\u00e9 et la cr\u00e9ation.<\/p>\n\n\n\n<p>Gr\u00e2ce \u00e0 des outils comme Islamic App, il devient plus facile de respecter ces instants.<\/p>\n","protected":false},"excerpt":{"rendered":"<p>Les heures de&nbsp;pri\u00e8re&nbsp;(ou Salat) occupent une place centrale dans la vie d\u2019un&nbsp;musulman. Mentionn\u00e9es \u00e0 plusieurs reprises dans le Coran, elles repr\u00e9sentent une connexion spirituelle profonde avec Allah, rythmant les&nbsp;jours&nbsp;de millions de croyants \u00e0 travers le&nbsp;monde. Dans cet article, nous allons explorer l\u2019origine, la signification et l\u2019organisation des moments de d\u00e9votion quotidienne dans le monde. Aspects<a href=\"https:\/\/islamicapp.org\/fr\/heures-de-priere\/\">Continue reading <span class=\"sr-only\">\u00ab\u00a0Heures de pri\u00e8re\u00a0\u00bb<\/span><\/a><\/p>\n","protected":false},"author":1,"featured_media":276,"parent":0,"menu_order":0,"comment_status":"closed","ping_status":"closed","template":"prayer-countries.php","meta":{"_acf_changed":false,"_seopress_robots_primary_cat":"","_seopress_titles_title":"Heures de pri\u00e8re : D\u00e9couvrez les horaires pr\u00e9cis","_seopress_titles_desc":"D\u00e9couvrez les heures de pri\u00e8re en fonction de votre localisation. Acc\u00e9dez aux horaires pr\u00e9cis chaque jour gr\u00e2ce \u00e0 notre application gratuite.","_seopress_robots_index":"","footnotes":""},"class_list":["post-275","page","type-page","status-publish","has-post-thumbnail","hentry"],"acf":[],"_links":{"self":[{"href":"https:\/\/islamicapp.org\/fr\/wp-json\/wp\/v2\/pages\/275","targetHints":{"allow":["GET"]}}],"collection":[{"href":"https:\/\/islamicapp.org\/fr\/wp-json\/wp\/v2\/pages"}],"about":[{"href":"https:\/\/islamicapp.org\/fr\/wp-json\/wp\/v2\/types\/page"}],"author":[{"embeddable":true,"href":"https:\/\/islamicapp.org\/fr\/wp-json\/wp\/v2\/users\/1"}],"replies":[{"embeddable":true,"href":"https:\/\/islamicapp.org\/fr\/wp-json\/wp\/v2\/comments?post=275"}],"version-history":[{"count":17,"href":"https:\/\/islamicapp.org\/fr\/wp-json\/wp\/v2\/pages\/275\/revisions"}],"predecessor-version":[{"id":2371,"href":"https:\/\/islamicapp.org\/fr\/wp-json\/wp\/v2\/pages\/275\/revisions\/2371"}],"wp:featuredmedia":[{"embeddable":true,"href":"https:\/\/islamicapp.org\/fr\/wp-json\/wp\/v2\/media\/276"}],"wp:attachment":[{"href":"https:\/\/islamicapp.org\/fr\/wp-json\/wp\/v2\/media?parent=275"}],"curies":[{"name":"wp","href":"https:\/\/api.w.org\/{rel}","templated":true}]}}