{"id":265,"date":"2025-01-12T04:58:01","date_gmt":"2025-01-12T04:58:01","guid":{"rendered":"https:\/\/islamicapp.org\/?page_id=265"},"modified":"2025-03-01T05:37:08","modified_gmt":"2025-03-01T05:37:08","slug":"ramadan-2025","status":"publish","type":"page","link":"https:\/\/islamicapp.org\/fr\/mois-de-ramadan\/ramadan-2025\/","title":{"rendered":"Ramadan 2025 : Le guide"},"content":{"rendered":"\n<p class=\"has-text-align-center\">Le mois b\u00e9ni du Ramadan 2025 a d\u00e9but\u00e9 la soir\u00e9e du <strong>vendredi 28 f\u00e9vrier<\/strong> et se poursuivra jusqu\u2019au <strong>samedi 29 mars 2025<\/strong>, offrant un mois de spiritualit\u00e9, de je\u00fbne et de recueillement pour les fid\u00e8les du monde entier.<\/p>\n\n\n\n<div class=\"w-full flex justify-center\">\n    <a href=\"https:\/\/islamicapp.org\/fr\/generateur-calendrier-ramadan-2025\/\" class=\"px-4 py-2 bg-gray-800 text-white rounded-lg hover:bg-gray-700 dark:bg-gray-600 dark:hover:bg-gray-500 flex items-center gap-2\">\n        <svg class=\"w-5 h-5\" fill=\"none\" stroke=\"currentColor\" viewBox=\"0 0 24 24\" xmlns=\"http:\/\/www.w3.org\/2000\/svg\">\n            <path stroke-linecap=\"round\" stroke-linejoin=\"round\" stroke-width=\"2\" d=\"M17 17h2a2 2 0 002-2v-4a2 2 0 00-2-2H5a2 2 0 00-2 2v4a2 2 0 002 2h2m2 4h6a2 2 0 002-2v-4a2 2 0 00-2-2H9a2 2 0 00-2 2v4a2 2 0 002 2zm8-12V5a2 2 0 00-2-2H9a2 2 0 00-2 2v4h10z\"><\/path>\n        <\/svg>\n        G\u00e9n\u00e9rateur de calendrier Ramadan pour votre ville\n    <\/a>\n<\/div>\n\n\n\n<h2 class=\"wp-block-heading\">Qu&rsquo;est-ce que le Ramadan ?<\/h2>\n\n\n\n<p>Le Ramadan est un moment unique dans l&rsquo;ann\u00e9e, une p\u00e9riode o\u00f9 des millions de musulmans \u00e0 travers le monde se r\u00e9unissent dans une pratique commune : le je\u00fbne. En 2025, il commencera autour du 28 f\u00e9vrier, selon l\u2019observation de la lune, et durera jusqu&rsquo;au 29 mars. C\u2019est bien plus qu\u2019un simple je\u00fbne : c\u2019est un temps de connexion avec Allah, de purification et de d\u00e9couverte de soi.<\/p>\n\n\n\n<h2 class=\"wp-block-heading\">Ramadan 2025 : Dates et Signification<\/h2>\n\n\n\n<h3 class=\"wp-block-heading\">Quand commence le Ramadan 2025 ?<\/h3>\n\n\n\n<p>Le d\u00e9but du Ramadan 2025 est estim\u00e9 au soir du 28 f\u00e9vrier, mais cela sera confirm\u00e9 en fonction du croissant lunaire. Le premier jour de je\u00fbne commencera \u00e0 l\u2019aube du 29 f\u00e9vrier. Ce mois est un rappel que le temps est pr\u00e9cieux et que chaque instant peut \u00eatre rempli de b\u00e9n\u00e9dictions.<\/p>\n\n\n\n<h3 class=\"wp-block-heading\">Pourquoi le Ramadan est-il si sp\u00e9cial ?<\/h3>\n\n\n\n<p>Le Ramadan marque le mois o\u00f9 le <a href=\"https:\/\/islamicapp.org\/fr\/coran-quran\/\" data-type=\"page\" data-id=\"27\">Saint Coran<\/a> a \u00e9t\u00e9 r\u00e9v\u00e9l\u00e9 au proph\u00e8te Muhammad. Chaque jour de je\u00fbne est une opportunit\u00e9 de grandir spirituellement, d\u2019am\u00e9liorer ses habitudes et de se rapprocher d\u2019Allah \u00e0 travers la pri\u00e8re, le dhikr, et la lecture du Coran.<\/p>\n\n\n\n<h2 class=\"wp-block-heading\">Les R\u00e8gles du Ramadan 2025<\/h2>\n\n\n\n<h3 class=\"wp-block-heading\">Qui doit je\u00fbner ?<\/h3>\n\n\n\n<p>Le je\u00fbne concerne les musulmans adultes, en bonne sant\u00e9 et conscients de leurs actes. Ceux qui ne peuvent pas je\u00fbner, comme les malades, les femmes enceintes ou les voyageurs, ont des alternatives pr\u00e9vues par la religion, refl\u00e9tant la facilit\u00e9 et la sagesse de l\u2019Islam.<\/p>\n\n\n\n<h3 class=\"wp-block-heading\">Les horaires du je\u00fbne<\/h3>\n\n\n\n<p>Chaque jour, le je\u00fbne commence \u00e0 l\u2019aube (Suhoor) et se termine au coucher du soleil (Iftar). Les horaires varient selon votre localisation, mais l\u2019effort de chaque croyant est valoris\u00e9, peu importe la dur\u00e9e.<\/p>\n\n\n\n<h2 class=\"wp-block-heading\">Les Actes d&rsquo;Adoration durant le Ramadan 2025<\/h2>\n\n\n\n<h3 class=\"wp-block-heading\">Explorer le Coran durant le Ramadan<\/h3>\n\n\n\n<p>Chaque jour de ce mois b\u00e9ni est une chance de plonger dans les enseignements du Coran. Beaucoup de croyants choisissent de terminer sa lecture en entier. En \u00e9coutant les Tarawih ou en lisant une portion chaque jour, on nourrit son \u00e2me et on trouve des r\u00e9ponses \u00e0 ses questions.<\/p>\n\n\n\n<h3 class=\"wp-block-heading\">La Nuit du Destin (Laylat al-Qadr)<\/h3>\n\n\n\n<p>C\u2019est durant les dix derni\u00e8res nuits du <a href=\"https:\/\/islamicapp.org\/fr\/mois-de-ramadan\/\" data-type=\"page\" data-id=\"151\">Ramadan<\/a> que se trouve Laylat al-Qadr, une nuit unique. Son importance est immense : c\u2019est une nuit de b\u00e9n\u00e9dictions, meilleure que mille mois. C\u2019est le moment de faire des du\u2019as (invocations) et de demander le pardon d\u2019Allah.<\/p>\n\n\n\n<h2 class=\"wp-block-heading\">Ramadan 2025 : Pr\u00e9paration et Organisation<\/h2>\n\n\n\n<h3 class=\"wp-block-heading\">Bien pr\u00e9parer son Ramadan<\/h3>\n\n\n\n<ol start=\"1\" class=\"wp-block-list\">\n<li><strong>Planifiez vos journ\u00e9es<\/strong>&nbsp;: Organisez vos pri\u00e8res, vos lectures du Coran et vos moments de r\u00e9flexion.<\/li>\n\n\n\n<li><strong>Mangez intelligemment<\/strong>&nbsp;: Un Suhoor \u00e9quilibr\u00e9 et un Iftar nourrissant sont essentiels pour garder de l\u2019\u00e9nergie.<\/li>\n\n\n\n<li><strong>Partagez l\u2019exp\u00e9rience<\/strong>&nbsp;: Rejoignez des Iftars communautaires, soutenez des initiatives de charit\u00e9, et \u00e9changez avec d\u2019autres sur votre cheminement.<\/li>\n<\/ol>\n\n\n\n<p><\/p>\n\n\n\n<h3 class=\"wp-block-heading\">La Charit\u00e9 : un pilier central<\/h3>\n\n\n\n<p>Durant ce mois, donner la Zakat et multiplier les Sadakat est une fa\u00e7on concr\u00e8te de renforcer les liens communautaires et de purifier son c\u0153ur.<\/p>\n\n\n\n<h2 class=\"wp-block-heading\">Cl\u00f4ture du Ramadan 2025 : L&rsquo;A\u00efd al-Fitr<\/h2>\n\n\n\n<p>Le 29 mars 2025, les musulmans c\u00e9l\u00e9breront l\u2019A\u00efd al-Fitr, une journ\u00e9e de joie, de gratitude et de partage. Les familles se r\u00e9unissent, les maisons s\u2019illuminent, et les c\u0153urs s\u2019ouvrent pour accueillir ce moment sp\u00e9cial.<\/p>\n\n\n\n<h2 class=\"wp-block-heading\">Conclusion<\/h2>\n\n\n\n<p>Ramadan 2025 est une opportunit\u00e9 de grandir spirituellement, de se rapprocher d\u2019Allah et de vivre des moments riches de sens. Que ce mois apporte la paix, la s\u00e9r\u00e9nit\u00e9 et la f\u00e9licit\u00e9 dans vos vies. Ensemble, continuons \u00e0 explorer et \u00e0 partager les beaut\u00e9s de l\u2019Islam.<\/p>\n","protected":false},"excerpt":{"rendered":"<p>Le mois b\u00e9ni du Ramadan 2025 a d\u00e9but\u00e9 la soir\u00e9e du vendredi 28 f\u00e9vrier et se poursuivra jusqu\u2019au samedi 29 mars 2025, offrant un mois de spiritualit\u00e9, de je\u00fbne et de recueillement pour les fid\u00e8les du monde entier. G\u00e9n\u00e9rateur de calendrier Ramadan pour votre ville Qu&rsquo;est-ce que le Ramadan ? Le Ramadan est un moment<a href=\"https:\/\/islamicapp.org\/fr\/mois-de-ramadan\/ramadan-2025\/\">Continue reading <span class=\"sr-only\">\u00ab\u00a0Ramadan 2025 : Le guide\u00a0\u00bb<\/span><\/a><\/p>\n","protected":false},"author":1,"featured_media":268,"parent":151,"menu_order":0,"comment_status":"closed","ping_status":"closed","template":"","meta":{"_acf_changed":false,"_seopress_robots_primary_cat":"","_seopress_titles_title":"Ramadan 2025 : Dates et Signification","_seopress_titles_desc":"Le Ramadan 2025 d\u00e9bute fin f\u00e9vrier. D\u00e9couvrez comment vous pr\u00e9parer \u00e0 ce mois sacr\u00e9.","_seopress_robots_index":"","footnotes":""},"class_list":["post-265","page","type-page","status-publish","has-post-thumbnail","hentry"],"acf":[],"_links":{"self":[{"href":"https:\/\/islamicapp.org\/fr\/wp-json\/wp\/v2\/pages\/265","targetHints":{"allow":["GET"]}}],"collection":[{"href":"https:\/\/islamicapp.org\/fr\/wp-json\/wp\/v2\/pages"}],"about":[{"href":"https:\/\/islamicapp.org\/fr\/wp-json\/wp\/v2\/types\/page"}],"author":[{"embeddable":true,"href":"https:\/\/islamicapp.org\/fr\/wp-json\/wp\/v2\/users\/1"}],"replies":[{"embeddable":true,"href":"https:\/\/islamicapp.org\/fr\/wp-json\/wp\/v2\/comments?post=265"}],"version-history":[{"count":9,"href":"https:\/\/islamicapp.org\/fr\/wp-json\/wp\/v2\/pages\/265\/revisions"}],"predecessor-version":[{"id":1542,"href":"https:\/\/islamicapp.org\/fr\/wp-json\/wp\/v2\/pages\/265\/revisions\/1542"}],"up":[{"embeddable":true,"href":"https:\/\/islamicapp.org\/fr\/wp-json\/wp\/v2\/pages\/151"}],"wp:featuredmedia":[{"embeddable":true,"href":"https:\/\/islamicapp.org\/fr\/wp-json\/wp\/v2\/media\/268"}],"wp:attachment":[{"href":"https:\/\/islamicapp.org\/fr\/wp-json\/wp\/v2\/media?parent=265"}],"curies":[{"name":"wp","href":"https:\/\/api.w.org\/{rel}","templated":true}]}}